{"id":35,"date":"2025-04-21T09:46:40","date_gmt":"2025-04-21T09:46:40","guid":{"rendered":"https:\/\/triatlonklubrab.hr\/?page_id=35"},"modified":"2025-04-28T23:01:34","modified_gmt":"2025-04-28T23:01:34","slug":"about","status":"publish","type":"page","link":"https:\/\/triatlonklubrab.hr\/?page_id=35","title":{"rendered":"O NAMA"},"content":{"rendered":"O NAMA<p style=\"font-size: 14px;\">Po\u010detci triatlona na otoku Rabu vezani su uz odr\u017eavanje i organizaciju utrke Rapski triatlon. U svibnju 2008. godine grupa entuzijasta i prijatelja sporta inicirala je ideju o organizaciji triatlon utrke na Rabu te je uz potporu lokalne zajednice 6. lipnja 2009.g odr\u017ean 1. Rapski triatlon. <\/p>\n<p style=\"font-size: 14px;\">Iz godine u godinu rasla je popularnost utrke te je na inicijativu dana\u0161njeg predsjednika kluba Nenada \u0160imi\u010di\u0107a u prosincu 2011. g osnovan Triatlon klub Rab. Nedugo nakon osnutka zapo\u010deo je i rad s djecom u klubu. Rezultati rada bili su vidljivi ve\u0107 nakon nekoliko godina osvajanjem brojnih postolja u kategorijama po\u010detnika, mla\u0111ih kadeta i kadeta na Prvenstvima Hrvatske i Alpe Adria triatlon kupu. <\/p>\n<p style=\"font-size: 14px;\">                   \n<\/p>\n<p style=\"font-size: 14px;\">Od osnutka do danas kroz klub je pro\u0161lo stotinjak \u010dlanova svih dobnih kategorija, a danas Triatlon klub Rab okuplja tridesetak \u010dlanova. Treninzi se odvijaju tijekom cijele godine u otvorenim i zatvorenim prostorima kombiniranjem pliva\u010dkih, biciklisti\u010dkih i trka\u010dkih disciplina. <\/p>\n<p style=\"font-size: 14px;\">\n<\/p>\n<p style=\"font-size: 14px;\">Primarni cilj kluba od samih po\u010detaka je potaknuti i motivirati \u0161iru populaciju, a naro\u010dito djecu i mlade na bavljenje sportom te promovirati triatlon kao sport u lokalnoj zajednici i \u0161ire. U tu svrhu, osim Rapskog triatlona, Klub organizira i Novogodi\u0161nju trka\u010dku utrku starogradskom jezgrom u prosincu, jesensku Kros duatlon ligu kroz mjesece listopad i studeni, Pliva\u010dku ligu u ljetnim mjesecima, te od 2021. godine i program \u0160kole plivanja u ljetnim mjesecima. Od 2024. godine u suradnji sa Planinarskim dru\u0161tvom Kamenjak Rab organizira Ludi Brav Challenge.<\/p>","protected":false},"excerpt":{"rendered":"","protected":false},"author":1,"featured_media":0,"parent":0,"menu_order":0,"comment_status":"closed","ping_status":"closed","template":"","meta":{"pagelayer_contact_templates":[],"_pagelayer_content":"","footnotes":""},"class_list":["post-35","page","type-page","status-publish","hentry"],"_links":{"self":[{"href":"https:\/\/triatlonklubrab.hr\/index.php?rest_route=\/wp\/v2\/pages\/35","targetHints":{"allow":["GET"]}}],"collection":[{"href":"https:\/\/triatlonklubrab.hr\/index.php?rest_route=\/wp\/v2\/pages"}],"about":[{"href":"https:\/\/triatlonklubrab.hr\/index.php?rest_route=\/wp\/v2\/types\/page"}],"author":[{"embeddable":true,"href":"https:\/\/triatlonklubrab.hr\/index.php?rest_route=\/wp\/v2\/users\/1"}],"replies":[{"embeddable":true,"href":"https:\/\/triatlonklubrab.hr\/index.php?rest_route=%2Fwp%2Fv2%2Fcomments&post=35"}],"version-history":[{"count":2,"href":"https:\/\/triatlonklubrab.hr\/index.php?rest_route=\/wp\/v2\/pages\/35\/revisions"}],"predecessor-version":[{"id":64,"href":"https:\/\/triatlonklubrab.hr\/index.php?rest_route=\/wp\/v2\/pages\/35\/revisions\/64"}],"wp:attachment":[{"href":"https:\/\/triatlonklubrab.hr\/index.php?rest_route=%2Fwp%2Fv2%2Fmedia&parent=35"}],"curies":[{"name":"wp","href":"https:\/\/api.w.org\/{rel}","templated":true}]}}