{"id":34,"date":"2025-04-21T09:46:40","date_gmt":"2025-04-21T09:46:40","guid":{"rendered":"https:\/\/triatlonklubrab.hr\/?page_id=34"},"modified":"2025-04-28T23:04:48","modified_gmt":"2025-04-28T23:04:48","slug":"home","status":"publish","type":"page","link":"https:\/\/triatlonklubrab.hr\/","title":{"rendered":"Home"},"content":{"rendered":"DOBRODO\u0160LI U TRIATLON KLUB RAB\nTriatlon na otoku &#8211; sport, priroda, prijateljstvo!Triatlon na Rabu\n<span style=\"font-size: 18px;\"><\/span><p><span style=\"font-size: 16px;\">Triatlon klub Rab osnovan je 2012. godine s ciljem okupljanja zaljubljenika u triatlon, sport i prirodu. Na\u0161 klub okuplja sporta\u0161e svih uzrasta, od po\u010detnika do iskusnih natjecatelja. Na predivnom otoku Rabu, kroz plivanje, biciklizam i tr\u010danje, poti\u010demo aktivan \u017eivot, prijateljstvo i zajedni\u0161tvo.\n\n<\/span><\/p><span style=\"font-size: 16px;\"><br><\/span><p><span style=\"font-size: 16px;\">Vjerujemo da su sport i priroda savr\u0161ena kombinacija za zdravlje tijela i duha. Pozivamo sve koji vole izazove da nam se pridru\u017ee na ovom uzbudljivom putovanju!\n\n<span style=\"font-size: 16px;\"><br><\/span><p><span style=\"font-size: 16px;\">\n<\/span><\/p>","protected":false},"excerpt":{"rendered":"","protected":false},"author":1,"featured_media":0,"parent":0,"menu_order":0,"comment_status":"closed","ping_status":"closed","template":"","meta":{"pagelayer_contact_templates":[],"_pagelayer_content":"","footnotes":""},"class_list":["post-34","page","type-page","status-publish","hentry"],"_links":{"self":[{"href":"https:\/\/triatlonklubrab.hr\/index.php?rest_route=\/wp\/v2\/pages\/34","targetHints":{"allow":["GET"]}}],"collection":[{"href":"https:\/\/triatlonklubrab.hr\/index.php?rest_route=\/wp\/v2\/pages"}],"about":[{"href":"https:\/\/triatlonklubrab.hr\/index.php?rest_route=\/wp\/v2\/types\/page"}],"author":[{"embeddable":true,"href":"https:\/\/triatlonklubrab.hr\/index.php?rest_route=\/wp\/v2\/users\/1"}],"replies":[{"embeddable":true,"href":"https:\/\/triatlonklubrab.hr\/index.php?rest_route=%2Fwp%2Fv2%2Fcomments&post=34"}],"version-history":[{"count":2,"href":"https:\/\/triatlonklubrab.hr\/index.php?rest_route=\/wp\/v2\/pages\/34\/revisions"}],"predecessor-version":[{"id":65,"href":"https:\/\/triatlonklubrab.hr\/index.php?rest_route=\/wp\/v2\/pages\/34\/revisions\/65"}],"wp:attachment":[{"href":"https:\/\/triatlonklubrab.hr\/index.php?rest_route=%2Fwp%2Fv2%2Fmedia&parent=34"}],"curies":[{"name":"wp","href":"https:\/\/api.w.org\/{rel}","templated":true}]}}